{"id":49966,"date":"2021-07-22T18:58:42","date_gmt":"2021-07-22T16:58:42","guid":{"rendered":"https:\/\/www.sktgmbh.de\/?page_id=49966"},"modified":"2025-07-01T15:57:36","modified_gmt":"2025-07-01T13:57:36","slug":"leistungen","status":"publish","type":"page","link":"https:\/\/www.sktgmbh.de\/en\/leistungen\/","title":{"rendered":"Services"},"content":{"rendered":"<p>[et_pb_section fb_built=&#8220;1&#8243; _builder_version=&#8220;4.27.4&#8243; use_background_color_gradient=&#8220;on&#8220; background_color_gradient_direction=&#8220;130deg&#8220; background_color_gradient_stops=&#8220;rgba(237,237,237,0.3) 50%|rgba(56,56,56,0.7) 50%&#8220; background_color_gradient_overlays_image=&#8220;on&#8220; background_color_gradient_start=&#8220;rgba(237,237,237,0.3)&#8220; background_color_gradient_start_position=&#8220;50%&#8220; background_color_gradient_end=&#8220;rgba(56,56,56,0.7)&#8220; background_color_gradient_end_position=&#8220;0%&#8220; background_image=&#8220;https:\/\/www.sktgmbh.de\/wp-content\/uploads\/2021\/11\/thisisengineering-raeng-hOCYuLmTTnY-unsplash-1.jpg&#8220; module_alignment=&#8220;center&#8220; min_height=&#8220;442.6px&#8220; custom_padding=&#8220;50px|0px|50px|0px|true|false&#8220; saved_tabs=&#8220;all&#8220; locked=&#8220;off&#8220; global_colors_info=&#8220;{}&#8220;][et_pb_row column_structure=&#8220;1_2,1_2&#8243; _builder_version=&#8220;4.16&#8243; global_colors_info=&#8220;{}&#8220;][et_pb_column type=&#8220;1_2&#8243; _builder_version=&#8220;4.16&#8243; custom_padding=&#8220;|||&#8220; global_colors_info=&#8220;{}&#8220; custom_padding__hover=&#8220;|||&#8220;][et_pb_text _builder_version=&#8220;4.27.4&#8243; text_font=&#8220;|300|||||||&#8220; text_text_color=&#8220;#FFFFFF&#8220; text_font_size=&#8220;20px&#8220; header_font=&#8220;Poppins|700|||||||&#8220; header_text_color=&#8220;#FFFFFF&#8220; header_font_size=&#8220;40px&#8220; header_line_height=&#8220;1.4em&#8220; background_color=&#8220;rgba(0,0,0,0.6)&#8220; width=&#8220;66.4%&#8220; custom_padding=&#8220;40px|40px|40px|40px|true|false&#8220; text_font_size_tablet=&#8220;&#8220; text_font_size_phone=&#8220;19px&#8220; text_font_size_last_edited=&#8220;on|phone&#8220; header_font_size_tablet=&#8220;&#8220; header_font_size_phone=&#8220;25px&#8220; header_font_size_last_edited=&#8220;on|phone&#8220; box_shadow_style=&#8220;preset1&#8243; global_colors_info=&#8220;{}&#8220;]<\/p>\n<h1>Services<\/h1>\n<p>[\/et_pb_text][\/et_pb_column][et_pb_column type=&#8220;1_2&#8243; _builder_version=&#8220;4.16&#8243; custom_padding=&#8220;|||&#8220; global_colors_info=&#8220;{}&#8220; custom_padding__hover=&#8220;|||&#8220;][\/et_pb_column][\/et_pb_row][\/et_pb_section][et_pb_section fb_built=&#8220;1&#8243; _builder_version=&#8220;4.16&#8243; custom_padding=&#8220;80px|0px|80px|0px|true|false&#8220; global_colors_info=&#8220;{}&#8220;][et_pb_row column_structure=&#8220;1_3,1_3,1_3&#8243; use_custom_gutter=&#8220;on&#8220; gutter_width=&#8220;2&#8243; make_equal=&#8220;on&#8220; _builder_version=&#8220;4.16&#8243; custom_padding=&#8220;28px|||||&#8220; global_colors_info=&#8220;{}&#8220;][et_pb_column type=&#8220;1_3&#8243; _builder_version=&#8220;4.16&#8243; custom_padding=&#8220;|||&#8220; global_colors_info=&#8220;{}&#8220; custom_padding__hover=&#8220;|||&#8220;][et_pb_blurb title=&#8220;Klein und Sonderserien&#8220; image_icon_background_color=&#8220;RGBA(255,255,255,0)&#8220; image=&#8220;https:\/\/www.sktgmbh.de\/wp-content\/uploads\/2022\/02\/Screenshot-2022-02-23-124625.png&#8220; icon_placement=&#8220;left&#8220; image_icon_width=&#8220;68px&#8220; _builder_version=&#8220;4.16&#8243; header_font=&#8220;|600|||||||&#8220; header_text_color=&#8220;#000000&#8243; header_font_size=&#8220;18px&#8220; header_line_height=&#8220;2em&#8220; body_font=&#8220;Roboto Condensed|300|||||||&#8220; body_text_color=&#8220;#000000&#8243; body_font_size=&#8220;16px&#8220; body_line_height=&#8220;1.8em&#8220; background_color=&#8220;#FFFFFF&#8220; custom_padding=&#8220;10px|10px|10px|10px|true|true&#8220; animation=&#8220;off&#8220; scroll_vertical_motion_enable=&#8220;on&#8220; scroll_vertical_motion=&#8220;0|50|50|100|0.5|0|-0.5&#8243; custom_css_blurb_image=&#8220;||padding: 5px 5px;||height: 50px;||width: 50px;||display: block;&#8220; border_width_top_image=&#8220;7px&#8220; border_color_top_image=&#8220;rgba(0,0,0,0)&#8220; border_width_right_image=&#8220;9px&#8220; border_color_right_image=&#8220;rgba(0,0,0,0)&#8220; box_shadow_style=&#8220;preset1&#8243; icon_font_size=&#8220;40px&#8220; global_colors_info=&#8220;{}&#8220;]<\/p>\n<p>Individuality through experience.<\/p>\n<p>[\/et_pb_blurb][\/et_pb_column][et_pb_column type=&#8220;1_3&#8243; _builder_version=&#8220;4.16&#8243; custom_padding=&#8220;|||&#8220; global_colors_info=&#8220;{}&#8220; custom_padding__hover=&#8220;|||&#8220;][et_pb_blurb title=&#8220;Gro\u00dfe Serien&#8220; image_icon_background_color=&#8220;RGBA(255,255,255,0)&#8220; image=&#8220;https:\/\/www.sktgmbh.de\/wp-content\/uploads\/2022\/02\/Screenshot-2022-02-23-124639.png&#8220; icon_placement=&#8220;left&#8220; image_icon_width=&#8220;68px&#8220; _builder_version=&#8220;4.16&#8243; header_font=&#8220;|600|||||||&#8220; header_text_color=&#8220;#000000&#8243; header_font_size=&#8220;18px&#8220; header_line_height=&#8220;2em&#8220; body_font=&#8220;Roboto Condensed|300|||||||&#8220; body_text_color=&#8220;#000000&#8243; body_font_size=&#8220;16px&#8220; body_line_height=&#8220;1.8em&#8220; background_color=&#8220;#FFFFFF&#8220; custom_padding=&#8220;10px|10px|10px|10px|true|true&#8220; animation=&#8220;off&#8220; scroll_vertical_motion_enable=&#8220;on&#8220; scroll_vertical_motion=&#8220;0|50|50|100|0.5|0|-0.5&#8243; custom_css_blurb_image=&#8220;||padding: 5px 5px;||height: 50px;||width: 50px;||display: block;&#8220; border_width_top_image=&#8220;7px&#8220; border_color_top_image=&#8220;rgba(0,0,0,0)&#8220; border_width_right_image=&#8220;9px&#8220; border_color_right_image=&#8220;rgba(0,0,0,0)&#8220; box_shadow_style=&#8220;preset1&#8243; icon_font_size=&#8220;40px&#8220; global_colors_info=&#8220;{}&#8220;]<\/p>\n<p>Quality through automation.<\/p>\n<p>[\/et_pb_blurb][\/et_pb_column][et_pb_column type=&#8220;1_3&#8243; _builder_version=&#8220;4.16&#8243; custom_padding=&#8220;|||&#8220; global_colors_info=&#8220;{}&#8220; custom_padding__hover=&#8220;|||&#8220;][et_pb_blurb title=&#8220; Sieb- und Tampondruck&#8220; image=&#8220;https:\/\/www.sktgmbh.de\/wp-content\/uploads\/2022\/02\/Screenshot-2022-02-23-124647.png&#8220; icon_placement=&#8220;left&#8220; image_icon_width=&#8220;63px&#8220; _builder_version=&#8220;4.16&#8243; header_font=&#8220;|600|||||||&#8220; header_text_color=&#8220;#000000&#8243; header_font_size=&#8220;18px&#8220; header_line_height=&#8220;2em&#8220; body_font=&#8220;Roboto Condensed|300|||||||&#8220; body_text_color=&#8220;#000000&#8243; body_font_size=&#8220;16px&#8220; body_line_height=&#8220;1.8em&#8220; custom_padding=&#8220;10px|10px|10px|10px|true|true&#8220; animation=&#8220;off&#8220; scroll_vertical_motion_enable=&#8220;on&#8220; scroll_vertical_motion=&#8220;0|50|50|100|0.5|0|-0.5&#8243; custom_css_blurb_image=&#8220;||padding: 5px 5px;||height: 50px;||width: 50px;||display: block;&#8220; border_width_top_image=&#8220;7px&#8220; border_color_top_image=&#8220;rgba(0,0,0,0)&#8220; border_width_right_image=&#8220;9px&#8220; border_color_right_image=&#8220;rgba(0,0,0,0)&#8220; box_shadow_style=&#8220;preset1&#8243; icon_font_size=&#8220;40px&#8220; global_colors_info=&#8220;{}&#8220;]<\/p>\n<p>Partner for screen and pad printing processes.<\/p>\n<p>[\/et_pb_blurb][\/et_pb_column][\/et_pb_row][\/et_pb_section][et_pb_section fb_built=&#8220;1&#8243; _builder_version=&#8220;4.16&#8243; background_color=&#8220;#ededed&#8220; custom_padding=&#8220;80px||80px||true|&#8220; global_colors_info=&#8220;{}&#8220;][et_pb_row column_structure=&#8220;1_2,1_2&#8243; _builder_version=&#8220;4.16&#8243; custom_margin=&#8220;|||&#8220; global_colors_info=&#8220;{}&#8220;][et_pb_column type=&#8220;1_2&#8243; _builder_version=&#8220;4.16&#8243; custom_padding=&#8220;|||&#8220; global_colors_info=&#8220;{}&#8220; custom_padding__hover=&#8220;|||&#8220;][et_pb_text _builder_version=&#8220;4.16&#8243; text_font=&#8220;||||||||&#8220; header_font=&#8220;|700||on|||||&#8220; header_text_color=&#8220;#000000&#8243; header_line_height=&#8220;1.2em&#8220; header_2_font=&#8220;|700||on|||||&#8220; header_2_font_size=&#8220;55px&#8220; custom_margin=&#8220;||||false|false&#8220; custom_padding=&#8220;|||5px|false|false&#8220; header_font_size_tablet=&#8220;&#8220; header_font_size_phone=&#8220;25px&#8220; header_font_size_last_edited=&#8220;on|phone&#8220; border_color_all=&#8220;#e86d1f&#8220; border_width_left=&#8220;6px&#8220; global_colors_info=&#8220;{}&#8220;]<\/p>\n<h2>Small and special series<\/h2>\n<p>[\/et_pb_text][et_pb_text _builder_version=&#8220;4.16&#8243; header_font=&#8220;Roboto Condensed|300|||||||&#8220; header_text_color=&#8220;#000000&#8243; header_font_size=&#8220;16px&#8220; header_line_height=&#8220;1.8em&#8220; custom_margin=&#8220;||||false|false&#8220; global_colors_info=&#8220;{}&#8220;]<\/p>\n<p>We realize customer wishes quickly and reliably. No matter if small or special series production. To ensure a smooth production process, we either manufacture the necessary tools ourselves or develop them with long-standing partners of our company.<\/p>\n<p>[\/et_pb_text][et_pb_image src=&#8220;https:\/\/www.sktgmbh.de\/wp-content\/uploads\/2022\/06\/kleinserien_quadrat.jpg&#8220; alt=&#8220;Kleinserien&#8220; title_text=&#8220;Kleinserien&#8220; align_tablet=&#8220;center&#8220; align_phone=&#8220;&#8220; align_last_edited=&#8220;on|desktop&#8220; _builder_version=&#8220;4.17.4&#8243; width_tablet=&#8220;60%&#8220; width_phone=&#8220;&#8220; width_last_edited=&#8220;on|tablet&#8220; animation_style=&#8220;slide&#8220; animation_direction=&#8220;left&#8220; animation_duration=&#8220;400ms&#8220; animation_delay=&#8220;100ms&#8220; scroll_horizontal_motion=&#8220;0|30|30|100|-20|0|0&#8243; border_radii=&#8220;on|5px|5px|5px|5px&#8220; box_shadow_style=&#8220;preset1&#8243; global_colors_info=&#8220;{}&#8220;][\/et_pb_image][\/et_pb_column][et_pb_column type=&#8220;1_2&#8243; _builder_version=&#8220;4.16&#8243; custom_padding=&#8220;|||&#8220; global_colors_info=&#8220;{}&#8220; custom_padding__hover=&#8220;|||&#8220;][et_pb_image src=&#8220;https:\/\/www.sktgmbh.de\/wp-content\/uploads\/2022\/06\/grosserien_quadrat.jpg&#8220; alt=&#8220;Gro\u00dfserien&#8220; title_text=&#8220;Gro\u00dfserien&#8220; align_tablet=&#8220;center&#8220; align_phone=&#8220;&#8220; align_last_edited=&#8220;on|desktop&#8220; _builder_version=&#8220;4.17.4&#8243; width_tablet=&#8220;60%&#8220; width_phone=&#8220;&#8220; width_last_edited=&#8220;on|tablet&#8220; animation_style=&#8220;slide&#8220; animation_direction=&#8220;right&#8220; animation_duration=&#8220;400ms&#8220; scroll_horizontal_motion=&#8220;0|30|30|100|20|0|0&#8243; border_radii=&#8220;on|5px|5px|5px|5px&#8220; box_shadow_style=&#8220;preset1&#8243; global_colors_info=&#8220;{}&#8220;][\/et_pb_image][et_pb_text _builder_version=&#8220;4.16&#8243; text_font=&#8220;||||||||&#8220; header_font=&#8220;|700||on|||||&#8220; header_text_color=&#8220;#000000&#8243; header_line_height=&#8220;1.2em&#8220; header_2_font=&#8220;|700||on|||||&#8220; header_2_font_size=&#8220;55px&#8220; custom_margin=&#8220;||||false|false&#8220; custom_padding=&#8220;|||5px|false|false&#8220; header_font_size_tablet=&#8220;&#8220; header_font_size_phone=&#8220;25px&#8220; header_font_size_last_edited=&#8220;on|phone&#8220; border_color_all=&#8220;#e86d1f&#8220; border_width_left=&#8220;6px&#8220; locked=&#8220;off&#8220; global_colors_info=&#8220;{}&#8220;]<\/p>\n<h2>Large series<\/h2>\n<p>[\/et_pb_text][et_pb_text _builder_version=&#8220;4.16&#8243; header_font=&#8220;Roboto Condensed|300|||||||&#8220; header_text_color=&#8220;#000000&#8243; header_font_size=&#8220;16px&#8220; header_line_height=&#8220;1.8em&#8220; custom_margin=&#8220;||||false|false&#8220; global_colors_info=&#8220;{}&#8220;]<\/p>\n<p>We accompany our business partners from the idea to the final product. To this end, we assemble a team of experts from various departments who work with the customer to specify his wishes and translate them into the requirements of series production. This is then implemented in computer-controlled machinery.\u00a0<\/p>\n<p>[\/et_pb_text][\/et_pb_column][\/et_pb_row][\/et_pb_section][et_pb_section fb_built=&#8220;1&#8243; _builder_version=&#8220;4.16&#8243; background_color=&#8220;rgba(237,237,237,0.43)&#8220; custom_padding=&#8220;80px|0px|80px|0px|true|false&#8220; global_colors_info=&#8220;{}&#8220;][et_pb_row column_structure=&#8220;1_3,1_3,1_3&#8243; _builder_version=&#8220;4.16&#8243; custom_padding=&#8220;|0px||0px|false|false&#8220; locked=&#8220;off&#8220; global_colors_info=&#8220;{}&#8220;][et_pb_column type=&#8220;1_3&#8243; _builder_version=&#8220;4.16&#8243; custom_padding=&#8220;|||&#8220; global_colors_info=&#8220;{}&#8220; custom_padding__hover=&#8220;|||&#8220;][et_pb_text _builder_version=&#8220;4.16&#8243; text_font=&#8220;||||||||&#8220; header_font=&#8220;|700||on|||||&#8220; header_text_color=&#8220;#000000&#8243; header_line_height=&#8220;1.2em&#8220; header_2_font=&#8220;|700||on|||||&#8220; header_2_font_size=&#8220;55px&#8220; custom_padding=&#8220;|||5px|false|false&#8220; animation_style=&#8220;slide&#8220; animation_direction=&#8220;left&#8220; animation_duration=&#8220;600ms&#8220; animation_delay=&#8220;200ms&#8220; header_font_size_tablet=&#8220;&#8220; header_font_size_phone=&#8220;25px&#8220; header_font_size_last_edited=&#8220;on|phone&#8220; border_color_all=&#8220;#e86d1f&#8220; border_width_left=&#8220;6px&#8220; global_colors_info=&#8220;{}&#8220;]<\/p>\n<h2>Start your next project with us!<\/h2>\n<p>[\/et_pb_text][\/et_pb_column][et_pb_column type=&#8220;1_3&#8243; _builder_version=&#8220;4.16&#8243; custom_padding=&#8220;|||&#8220; global_colors_info=&#8220;{}&#8220; custom_padding__hover=&#8220;|||&#8220;][et_pb_text _builder_version=&#8220;4.16&#8243; text_font=&#8220;|300|||||||&#8220; text_text_color=&#8220;#000000&#8243; text_font_size=&#8220;15px&#8220; text_line_height=&#8220;1.8em&#8220; header_font=&#8220;||||||||&#8220; custom_margin=&#8220;-2px|||&#8220; global_colors_info=&#8220;{}&#8220;]<\/p>\n<p>We develop and produce high quality plastic parts for our customers. And this in both large and small series. On request, we can also implement special series production.<\/p>\n<p>[\/et_pb_text][\/et_pb_column][et_pb_column type=&#8220;1_3&#8243; _builder_version=&#8220;4.16&#8243; custom_padding=&#8220;|||&#8220; global_colors_info=&#8220;{}&#8220; custom_padding__hover=&#8220;|||&#8220;][et_pb_button button_url=&#8220;@ET-DC@eyJkeW5hbWljIjp0cnVlLCJjb250ZW50IjoicG9zdF9saW5rX3VybF9wYWdlIiwic2V0dGluZ3MiOnsicG9zdF9pZCI6IjQ5OTcyIn19@&#8220; button_text=&#8220;Jetzt Kontakt aufnehmen&#8220; button_alignment=&#8220;right&#8220; _builder_version=&#8220;4.16&#8243; _dynamic_attributes=&#8220;button_url&#8220; custom_margin=&#8220;||&#8220; custom_padding=&#8220;17px|30px|17px|30px|true|true&#8220; animation_style=&#8220;slide&#8220; animation_direction=&#8220;right&#8220; animation_duration=&#8220;600ms&#8220; animation_delay=&#8220;200ms&#8220; global_colors_info=&#8220;{}&#8220;][\/et_pb_button][\/et_pb_column][\/et_pb_row][\/et_pb_section][et_pb_section fb_built=&#8220;1&#8243; _builder_version=&#8220;4.16&#8243; custom_padding=&#8220;80px|0px|52px|0px|false|false&#8220; global_colors_info=&#8220;{}&#8220;][et_pb_row _builder_version=&#8220;4.16&#8243; custom_padding=&#8220;27px|0px|24px|0px|false|false&#8220; locked=&#8220;off&#8220; global_colors_info=&#8220;{}&#8220;][et_pb_column type=&#8220;4_4&#8243; _builder_version=&#8220;4.16&#8243; custom_padding=&#8220;|||&#8220; global_colors_info=&#8220;{}&#8220; custom_padding__hover=&#8220;|||&#8220;][et_pb_text _builder_version=&#8220;4.16&#8243; text_font=&#8220;||||||||&#8220; header_font=&#8220;|700||on|||||&#8220; header_text_color=&#8220;#000000&#8243; header_line_height=&#8220;1.2em&#8220; header_2_font=&#8220;|700||on|||||&#8220; header_2_text_align=&#8220;center&#8220; header_2_font_size=&#8220;55px&#8220; custom_margin=&#8220;||-1px|||&#8220; custom_padding=&#8220;|||5px|false|false&#8220; header_font_size_tablet=&#8220;&#8220; header_font_size_phone=&#8220;25px&#8220; header_font_size_last_edited=&#8220;on|phone&#8220; border_color_all=&#8220;#ad007c&#8220; global_colors_info=&#8220;{}&#8220;]<\/p>\n<h2>Screen and pad printing<\/h2>\n<p>[\/et_pb_text][et_pb_divider color=&#8220;#e86d1f&#8220; divider_weight=&#8220;6px&#8220; _builder_version=&#8220;4.16&#8243; _module_preset=&#8220;default&#8220; width=&#8220;150px&#8220; module_alignment=&#8220;center&#8220; global_colors_info=&#8220;{}&#8220;][\/et_pb_divider][\/et_pb_column][\/et_pb_row][et_pb_row padding_top_bottom_link_1=&#8220;true&#8220; _builder_version=&#8220;4.16&#8243; background_color=&#8220;#383838&#8243; background_image=&#8220;https:\/\/www.sktgmbh.de\/wp-content\/uploads\/2022\/02\/DSC00528.jpg&#8220; max_width=&#8220;950px&#8220; custom_padding=&#8220;|0px||0px|false|false&#8220; border_radii=&#8220;on|5px|5px|5px|5px&#8220; global_colors_info=&#8220;{}&#8220;][et_pb_column type=&#8220;4_4&#8243; _builder_version=&#8220;4.16&#8243; custom_padding=&#8220;270px||270px|&#8220; global_colors_info=&#8220;{}&#8220; custom_padding__hover=&#8220;|||&#8220;][\/et_pb_column][\/et_pb_row][et_pb_row _builder_version=&#8220;4.16&#8243; custom_margin=&#8220;||&#8220; global_colors_info=&#8220;{}&#8220;][et_pb_column type=&#8220;4_4&#8243; _builder_version=&#8220;4.16&#8243; custom_padding=&#8220;|||&#8220; global_colors_info=&#8220;{}&#8220; custom_padding__hover=&#8220;|||&#8220;][et_pb_text _builder_version=&#8220;4.27.4&#8243; text_font=&#8220;Roboto Condensed|300|||||||&#8220; header_font=&#8220;||||||||&#8220; header_text_color=&#8220;#000000&#8243; header_font_size=&#8220;25px&#8220; header_line_height=&#8220;1.6em&#8220; background_color=&#8220;#ffffff&#8220; max_width=&#8220;426px&#8220; module_alignment=&#8220;right&#8220; custom_margin=&#8220;-549px||||false|false&#8220; custom_padding=&#8220;50px|50px|50px|50px|true|true&#8220; animation_style=&#8220;slide&#8220; animation_direction=&#8220;right&#8220; animation_duration=&#8220;600ms&#8220; animation_delay=&#8220;200ms&#8220; scroll_vertical_motion_enable=&#8220;on&#8220; scroll_vertical_motion=&#8220;0|50|50|100|1|0|-1&#8243; hover_enabled=&#8220;0&#8243; header_font_size_tablet=&#8220;&#8220; header_font_size_phone=&#8220;22px&#8220; header_font_size_last_edited=&#8220;on|phone&#8220; border_radii=&#8220;on|5px|5px|5px|5px&#8220; box_shadow_style=&#8220;preset1&#8243; box_shadow_blur=&#8220;66px&#8220; box_shadow_color=&#8220;rgba(181,181,181,0.3)&#8220; global_colors_info=&#8220;{}&#8220; sticky_enabled=&#8220;0&#8243;]<\/p>\n<p>Wir sind auch auf Wunsch Ihr kompetenter Partner f\u00fcr Sieb- und Tampondruckverfahren. Mehrere Anlagen stehen unseren Experten in unterschiedlichen Gr\u00f6\u00dfen, je nach Bedarfsfall in der hauseigenen Druckereiabteilung der SKT zur Verf\u00fcgung.<\/p>\n<p>[\/et_pb_text][\/et_pb_column][\/et_pb_row][\/et_pb_section]<\/p>","protected":false},"excerpt":{"rendered":"<p>LeistungenIndividualit\u00e4t durch Erfahrung.Qualit\u00e4t durch Automatisierung.Partner f\u00fcr Sieb- und Tampondruckverfahren.Klein und SonderserienWir setzen Kundenw\u00fcnsche z\u00fcgig und zuverl\u00e4ssig um. Egal ob Klein- oder Sonderserienfertigung. Um einen reibungslosen Fertigungsprozess zu gew\u00e4hrleisten, stellen wir die n\u00f6tigen Werkzeuge entweder selbst her oder entwickeln sie mit langj\u00e4hrigen Partnern unseres Unternehmens.Gro\u00dfe SerienWir begleiten unsere Gesch\u00e4ftspartner von der Idee bis zum Endprodukt. Daf\u00fcr [&hellip;]<\/p>","protected":false},"author":2,"featured_media":0,"parent":0,"menu_order":0,"comment_status":"closed","ping_status":"closed","template":"","meta":{"_et_pb_use_builder":"on","_et_pb_old_content":"<!-- wp:divi\/placeholder \/-->","_et_gb_content_width":"","footnotes":""},"class_list":["post-49966","page","type-page","status-publish","hentry"],"_links":{"self":[{"href":"https:\/\/www.sktgmbh.de\/en\/wp-json\/wp\/v2\/pages\/49966","targetHints":{"allow":["GET"]}}],"collection":[{"href":"https:\/\/www.sktgmbh.de\/en\/wp-json\/wp\/v2\/pages"}],"about":[{"href":"https:\/\/www.sktgmbh.de\/en\/wp-json\/wp\/v2\/types\/page"}],"author":[{"embeddable":true,"href":"https:\/\/www.sktgmbh.de\/en\/wp-json\/wp\/v2\/users\/2"}],"replies":[{"embeddable":true,"href":"https:\/\/www.sktgmbh.de\/en\/wp-json\/wp\/v2\/comments?post=49966"}],"version-history":[{"count":42,"href":"https:\/\/www.sktgmbh.de\/en\/wp-json\/wp\/v2\/pages\/49966\/revisions"}],"predecessor-version":[{"id":50911,"href":"https:\/\/www.sktgmbh.de\/en\/wp-json\/wp\/v2\/pages\/49966\/revisions\/50911"}],"wp:attachment":[{"href":"https:\/\/www.sktgmbh.de\/en\/wp-json\/wp\/v2\/media?parent=49966"}],"curies":[{"name":"wp","href":"https:\/\/api.w.org\/{rel}","templated":true}]}}