{"id":2759,"date":"2021-07-02T11:17:58","date_gmt":"2021-07-02T09:17:58","guid":{"rendered":"https:\/\/www.sktgmbh.de\/?page_id=2759"},"modified":"2022-02-02T13:02:58","modified_gmt":"2022-02-02T12:02:58","slug":"impressum","status":"publish","type":"page","link":"https:\/\/www.sktgmbh.de\/en\/impressum\/","title":{"rendered":"Legal Disclosure"},"content":{"rendered":"<p>[et_pb_section fb_built=&#8220;1&#8243; admin_label=&#8220;section&#8220; _builder_version=&#8220;4.9.7&#8243; background_enable_image=&#8220;off&#8220; global_colors_info=&#8220;{}&#8220;][et_pb_row admin_label=&#8220;row&#8220; _builder_version=&#8220;4.9.4&#8243; background_size=&#8220;initial&#8220; background_position=&#8220;top_left&#8220; background_repeat=&#8220;repeat&#8220; max_width=&#8220;1200px&#8220; global_colors_info=&#8220;{}&#8220;][et_pb_column type=&#8220;4_4&#8243; _builder_version=&#8220;3.25&#8243; custom_padding=&#8220;|||&#8220; global_colors_info=&#8220;{}&#8220; custom_padding__hover=&#8220;|||&#8220;][et_pb_text admin_label=&#8220;Text&#8220; _builder_version=&#8220;4.14.7&#8243; text_font=&#8220;|300|||||||&#8220; text_text_color=&#8220;#000000&#8243; link_font=&#8220;||||on|||#000000|&#8220; link_text_color=&#8220;#000000&#8243; header_font=&#8220;|700||on|||||&#8220; header_font_size=&#8220;50px&#8220; header_2_font=&#8220;||||||||&#8220; header_2_text_color=&#8220;#000000&#8243; header_2_font_size=&#8220;30px&#8220; header_3_font=&#8220;||||||||&#8220; header_3_text_color=&#8220;#000000&#8243; header_3_font_size=&#8220;24px&#8220; background_size=&#8220;initial&#8220; background_position=&#8220;top_left&#8220; background_repeat=&#8220;repeat&#8220; hover_enabled=&#8220;0&#8243; global_colors_info=&#8220;{}&#8220; sticky_enabled=&#8220;0&#8243;]<\/p>\n<div>\n<h1>Legal Disclosure<\/h1>\n<p>&nbsp;<\/p>\n<h2>Angaben gem\u00e4\u00df \u00a7 5 TMG<\/h2>\n<\/div>\n<div>\n<div>\n<p>&nbsp;<\/p>\n<p>SKT Kunststofftechnik GmbH<br \/>Kreuzstr. 26<br \/>D-97892 Kreuzwertheim<br \/>Tel. 09342\/905-0<br \/>Fax 09342\/905-59<br \/>E-Mail:<a href=\"mailto:post@sktgmbh.de\"><span id=\"cloak6bd67bb8035ac95219ce1e89ca270d8c\"><\/span><\/a><a href=\"mailto:post@sktgmbh.de\">post@sktgmbh.de<\/a><span id=\"cloak113d6f0a2988db8875e3043830512e56\"><\/span><\/p>\n<p>Vertreten durch:<br \/>Tobias Sepp (Gesch\u00e4ftsf\u00fchrung)<\/p>\n<p><strong>Registereintrag:<\/strong><br \/>Eintragung im Handelsregister.<br \/>Registergericht W\u00fcrzburg<br \/>Registernummer: HRB 5123<\/p>\n<p>Umsatzsteuer-Identifikationsnummer gem\u00e4\u00df \u00a727 a Umsatzsteuergesetz:<br \/>DE DE 811786797<\/p>\n<p>Bildquellen: eigene Fotos<br \/>Realisierung: <a href=\"http:\/\/www.sibits.de\">www.sibits.de<\/a><\/p>\n<p><strong>Haftungs-, Urheberrechts- und Datenschutzhinweise<\/strong><\/p>\n<p>Die Inhalte unserer Seiten wurden mit gr\u00f6\u00dfter Sorgfalt erstellt. F\u00fcr die Richtigkeit, Vollst\u00e4ndigkeit und Aktualit\u00e4t der Inhalte k\u00f6nnen wir jedoch keine Gew\u00e4hr \u00fcbernehmen. Als Diensteanbieter<br \/>sind wir gem\u00e4\u00df \u00a7 7 Abs.1 TMG f\u00fcr eigene Inhalte auf diesen Seiten nach den allgemeinen Gesetzen verantwortlich. Nach \u00a7\u00a7 8 bis 10 TMG sind wir als Diensteanbieter jedoch nicht<br \/>verpflichtet, \u00fcbermittelte oder gespeicherte fremde Informationen zu \u00fcberwachen oder nach Umst\u00e4nden zu forschen, die auf eine rechtswidrige T\u00e4tigkeit hinweisen. Verpflichtungen zur<br \/>Entfernung oder Sperrung der Nutzung von Informationen nach den allgemeinen Gesetzen bleiben hiervon unber\u00fchrt. Eine diesbez\u00fcgliche Haftung ist jedoch erst ab dem Zeitpunkt der-<br \/>Kenntnis einer konkreten Rechtsverletzung m\u00f6glich. Bei Bekanntwerden von entsprechenden Rechtsverletzungen werden wir diese Inhalte umgehend entfernen.<\/p>\n<p><strong>Haftung f\u00fcr Links<\/strong><\/p>\n<p>Unser Angebot enth\u00e4lt Links zu externen Webseiten Dritter, auf deren Inhalte wir keinen Einfluss haben. Deshalb k\u00f6nnen wir f\u00fcr diese fremden Inhalte auch keine Gew\u00e4hr \u00fcbernehmen. F\u00fcr<br \/>die Inhalte der verlinkten Seiten ist stets der jeweilige Anbieter oder Betreiber der Seiten verantwortlich. Die verlinkten Seiten wurden zum Zeitpunkt der Verlinkung auf m\u00f6gliche Rechtsverst\u00f6\u00dfe<br \/>\u00fcberpr\u00fcft. Rechtswidrige Inhalte waren zum Zeitpunkt der Verlinkung nicht erkennbar. Eine permanente inhaltliche Kontrolle der verlinkten Seiten ist jedoch ohne konkrete Anhaltspunkte<br \/>einer Rechtsverletzung nicht zumutbar. Bei Bekanntwerden von Rechtsverletzungen werden wir derartige Links umgehend entfernen.<\/p>\n<p><strong> Urheberrecht<\/strong><\/p>\n<p>Die durch die Seitenbetreiber erstellten Inhalte und Werke auf diesen Seiten unterliegen dem deutschen Urheberrecht. Die Vervielf\u00e4ltigung, Bearbeitung, Verbreitung und jede Art der Verwertung<br \/>au\u00dferhalb der Grenzen des Urheberrechtes bed\u00fcrfen der schriftlichen Zustimmung des jeweiligen Autors bzw. Erstellers. Downloads und Kopien dieser Seite sind nicht gestattet.<br \/>Soweit die Inhalte auf dieser Seite nicht vom Betreiber erstellt wurden, werden die Urheberrechte Dritter beachtet. Insbesondere werden Inhalte Dritter als solche gekennzeichnet. Sollten<br \/>Sie trotzdem auf eine Urheberrechtsverletzung aufmerksam werden, bitten wir um einen entsprechenden Hinweis. Bei Bekanntwerden von Rechtsverletzungen werden wir derartige Inhalte<br \/>umgehend entfernen.<\/p>\n<\/div>\n<\/div>\n<p>[\/et_pb_text][\/et_pb_column][\/et_pb_row][\/et_pb_section]<\/p>","protected":false},"excerpt":{"rendered":"<p>Impressum &nbsp; Angaben gem\u00e4\u00df \u00a7 5 TMG &nbsp; SKT Kunststofftechnik GmbHKreuzstr. 26D-97892 KreuzwertheimTel. 09342\/905-0Fax 09342\/905-59E-Mail:post@sktgmbh.de Vertreten durch:Tobias Sepp (Gesch\u00e4ftsf\u00fchrung) Registereintrag:Eintragung im Handelsregister.Registergericht W\u00fcrzburgRegisternummer: HRB 5123 Umsatzsteuer-Identifikationsnummer gem\u00e4\u00df \u00a727 a Umsatzsteuergesetz:DE DE 811786797 Bildquellen: eigene FotosRealisierung: www.sibits.de Haftungs-, Urheberrechts- und Datenschutzhinweise Die Inhalte unserer Seiten wurden mit gr\u00f6\u00dfter Sorgfalt erstellt. F\u00fcr die Richtigkeit, Vollst\u00e4ndigkeit und Aktualit\u00e4t [&hellip;]<\/p>","protected":false},"author":2,"featured_media":0,"parent":0,"menu_order":0,"comment_status":"closed","ping_status":"closed","template":"","meta":{"_et_pb_use_builder":"on","_et_pb_old_content":"","_et_gb_content_width":"","footnotes":""},"class_list":["post-2759","page","type-page","status-publish","hentry"],"_links":{"self":[{"href":"https:\/\/www.sktgmbh.de\/en\/wp-json\/wp\/v2\/pages\/2759","targetHints":{"allow":["GET"]}}],"collection":[{"href":"https:\/\/www.sktgmbh.de\/en\/wp-json\/wp\/v2\/pages"}],"about":[{"href":"https:\/\/www.sktgmbh.de\/en\/wp-json\/wp\/v2\/types\/page"}],"author":[{"embeddable":true,"href":"https:\/\/www.sktgmbh.de\/en\/wp-json\/wp\/v2\/users\/2"}],"replies":[{"embeddable":true,"href":"https:\/\/www.sktgmbh.de\/en\/wp-json\/wp\/v2\/comments?post=2759"}],"version-history":[{"count":5,"href":"https:\/\/www.sktgmbh.de\/en\/wp-json\/wp\/v2\/pages\/2759\/revisions"}],"predecessor-version":[{"id":50471,"href":"https:\/\/www.sktgmbh.de\/en\/wp-json\/wp\/v2\/pages\/2759\/revisions\/50471"}],"wp:attachment":[{"href":"https:\/\/www.sktgmbh.de\/en\/wp-json\/wp\/v2\/media?parent=2759"}],"curies":[{"name":"wp","href":"https:\/\/api.w.org\/{rel}","templated":true}]}}